{"id":21808,"date":"2022-05-25T14:38:13","date_gmt":"2022-05-25T12:38:13","guid":{"rendered":"https:\/\/abbigliamentocertificato.com\/prodotto\/tr582881\/"},"modified":"2026-05-10T17:40:25","modified_gmt":"2026-05-10T15:40:25","slug":"tr582881","status":"publish","type":"product","link":"https:\/\/abbigliamentocertificato.com\/en\/prodotto\/tr582881\/","title":{"rendered":"High-visibility multi-norm trousers"},"content":{"rendered":"<p>Women multi-norm trousers, with flame retardant properties. Side pockets and back flap pockets. One cargo pocket with flap, and one tool pocket. Shaped knees with adjustable knee pad pockets. Reflective bands at the bottom of the leg. Contrast stitching detail.<\/p>\n","protected":false},"excerpt":{"rendered":"<div class=\"IconeCertificazioni product_certifications\"><img src='\/wp-content\/uploads\/icone_certificazioni\/EN13034TipoPB6.svg'><img src='\/wp-content\/uploads\/icone_certificazioni\/UNIENISO20471Classe1.svg'><img src='\/wp-content\/uploads\/icone_certificazioni\/UNIENISO11612A1A2B1C1F1.svg'><img src='\/wp-content\/uploads\/icone_certificazioni\/IECEN614822Classe1(APC1)Arc2.svg'><img src='\/wp-content\/uploads\/icone_certificazioni\/UNIEN11495.svg'><img src='\/wp-content\/uploads\/icone_certificazioni\/UNIENISO11611Classe1A1A2.svg'><\/div>\n","protected":false},"featured_media":26224,"template":"","meta":{"site-sidebar-layout":"default","site-content-layout":"default","ast-site-content-layout":"default","site-content-style":"default","site-sidebar-style":"default","ast-global-header-display":"","ast-banner-title-visibility":"","ast-main-header-display":"","ast-hfb-above-header-display":"","ast-hfb-below-header-display":"","ast-hfb-mobile-header-display":"","site-post-title":"","ast-breadcrumbs-content":"","ast-featured-img":"","footer-sml-layout":"","ast-disable-related-posts":"","theme-transparent-header-meta":"default","adv-header-id-meta":"","stick-header-meta":"","header-above-stick-meta":"","header-main-stick-meta":"","header-below-stick-meta":"","astra-migrate-meta-layouts":"default","ast-page-background-enabled":"default","ast-page-background-meta":{"desktop":{"background-color":"","background-image":"","background-repeat":"repeat","background-position":"center center","background-size":"auto","background-attachment":"scroll","background-type":"","background-media":"","overlay-type":"","overlay-color":"","overlay-opacity":"","overlay-gradient":""},"tablet":{"background-color":"","background-image":"","background-repeat":"repeat","background-position":"center center","background-size":"auto","background-attachment":"scroll","background-type":"","background-media":"","overlay-type":"","overlay-color":"","overlay-opacity":"","overlay-gradient":""},"mobile":{"background-color":"","background-image":"","background-repeat":"repeat","background-position":"center center","background-size":"auto","background-attachment":"scroll","background-type":"","background-media":"","overlay-type":"","overlay-color":"","overlay-opacity":"","overlay-gradient":""}},"ast-content-background-meta":{"desktop":{"background-color":"var(--ast-global-color-5)","background-image":"","background-repeat":"repeat","background-position":"center center","background-size":"auto","background-attachment":"scroll","background-type":"","background-media":"","overlay-type":"","overlay-color":"","overlay-opacity":"","overlay-gradient":""},"tablet":{"background-color":"var(--ast-global-color-5)","background-image":"","background-repeat":"repeat","background-position":"center center","background-size":"auto","background-attachment":"scroll","background-type":"","background-media":"","overlay-type":"","overlay-color":"","overlay-opacity":"","overlay-gradient":""},"mobile":{"background-color":"var(--ast-global-color-5)","background-image":"","background-repeat":"repeat","background-position":"center center","background-size":"auto","background-attachment":"scroll","background-type":"","background-media":"","overlay-type":"","overlay-color":"","overlay-opacity":"","overlay-gradient":""}}},"product_brand":[],"product_cat":[706,722,738,859,864,827,845,866,828,829,818,831,826,843,858,863,841],"product_tag":[731,895],"class_list":{"0":"post-21808","1":"product","2":"type-product","3":"status-publish","4":"has-post-thumbnail","6":"product_cat-senza-categoria","7":"product_cat-classe-1-apc-1","8":"product_cat-arc-2-2","9":"product_cat-class-1-en-high-visibility","10":"product_cat-class-1-apc-1","11":"product_cat-a1-en-3","12":"product_cat-type-pb6","13":"product_cat-arc-2","14":"product_cat-a2-en","15":"product_cat-b1-en","16":"product_cat-en-1149-electrostatic-properties","17":"product_cat-c1-en","18":"product_cat-en-11612-protection-against-heat-and-flame","19":"product_cat-en-13034-protection-from-chemical-agents","20":"product_cat-en-20471-high-visibility","21":"product_cat-en-61482-electric-arc-protection","22":"product_cat-f1-en","23":"product_tag-oil-gas","24":"product_tag-oil-gas-en-2","25":"desktop-align-left","26":"tablet-align-left","27":"mobile-align-left","29":"first","30":"instock","31":"purchasable","32":"product-type-variable"},"yoast_head":"<!-- This site is optimized with the Yoast SEO plugin v26.9 - https:\/\/yoast.com\/product\/yoast-seo-wordpress\/ -->\n<title>Pantaloni donna Multinorma ad Alta visibilit\u00e0 | Scopri il Modello<\/title>\n<meta name=\"description\" content=\"Scopri la qualit\u00e0 dei pantaloni multinorma certificati e disponibili nell&#039;ampia selezione Bolzonella Protective. Desideri pi\u00f9 informazioni? Contatta il nostro team!\" \/>\n<meta name=\"robots\" content=\"index, follow, max-snippet:-1, max-image-preview:large, max-video-preview:-1\" \/>\n<link rel=\"canonical\" href=\"https:\/\/abbigliamentocertificato.com\/en\/prodotto\/tr582881\/\" \/>\n<meta property=\"og:locale\" content=\"en_US\" \/>\n<meta property=\"og:type\" content=\"article\" \/>\n<meta property=\"og:title\" content=\"Pantaloni donna Multinorma ad Alta visibilit\u00e0 | Scopri il Modello\" \/>\n<meta property=\"og:description\" content=\"Scopri la qualit\u00e0 dei pantaloni multinorma certificati e disponibili nell&#039;ampia selezione Bolzonella Protective. Desideri pi\u00f9 informazioni? Contatta il nostro team!\" \/>\n<meta property=\"og:url\" content=\"https:\/\/abbigliamentocertificato.com\/en\/prodotto\/tr582881\/\" \/>\n<meta property=\"og:site_name\" content=\"abbigliamentocertificato.com\" \/>\n<meta property=\"article:modified_time\" content=\"2026-05-10T15:40:25+00:00\" \/>\n<meta property=\"og:image\" content=\"https:\/\/abbigliamentocertificato.com\/wp-content\/uploads\/TR582781.jpg\" \/>\n\t<meta property=\"og:image:width\" content=\"2067\" \/>\n\t<meta property=\"og:image:height\" content=\"2362\" \/>\n\t<meta property=\"og:image:type\" content=\"image\/jpeg\" \/>\n<meta name=\"twitter:card\" content=\"summary_large_image\" \/>\n<script type=\"application\/ld+json\" class=\"yoast-schema-graph\">{\"@context\":\"https:\/\/schema.org\",\"@graph\":[{\"@type\":\"WebPage\",\"@id\":\"https:\/\/abbigliamentocertificato.com\/en\/prodotto\/tr582881\/\",\"url\":\"https:\/\/abbigliamentocertificato.com\/en\/prodotto\/tr582881\/\",\"name\":\"Pantaloni donna Multinorma ad Alta visibilit\u00e0 | Scopri il Modello\",\"isPartOf\":{\"@id\":\"https:\/\/abbigliamentocertificato.com\/en\/#website\"},\"primaryImageOfPage\":{\"@id\":\"https:\/\/abbigliamentocertificato.com\/en\/prodotto\/tr582881\/#primaryimage\"},\"image\":{\"@id\":\"https:\/\/abbigliamentocertificato.com\/en\/prodotto\/tr582881\/#primaryimage\"},\"thumbnailUrl\":\"https:\/\/abbigliamentocertificato.com\/wp-content\/uploads\/TR582881-1-3.jpg\",\"datePublished\":\"2022-05-25T12:38:13+00:00\",\"dateModified\":\"2026-05-10T15:40:25+00:00\",\"description\":\"Scopri la qualit\u00e0 dei pantaloni multinorma certificati e disponibili nell'ampia selezione Bolzonella Protective. Desideri pi\u00f9 informazioni? Contatta il nostro team!\",\"breadcrumb\":{\"@id\":\"https:\/\/abbigliamentocertificato.com\/en\/prodotto\/tr582881\/#breadcrumb\"},\"inLanguage\":\"en-US\",\"potentialAction\":[{\"@type\":\"ReadAction\",\"target\":[\"https:\/\/abbigliamentocertificato.com\/en\/prodotto\/tr582881\/\"]}]},{\"@type\":\"ImageObject\",\"inLanguage\":\"en-US\",\"@id\":\"https:\/\/abbigliamentocertificato.com\/en\/prodotto\/tr582881\/#primaryimage\",\"url\":\"https:\/\/abbigliamentocertificato.com\/wp-content\/uploads\/TR582881-1-3.jpg\",\"contentUrl\":\"https:\/\/abbigliamentocertificato.com\/wp-content\/uploads\/TR582881-1-3.jpg\",\"width\":2067,\"height\":2362},{\"@type\":\"BreadcrumbList\",\"@id\":\"https:\/\/abbigliamentocertificato.com\/en\/prodotto\/tr582881\/#breadcrumb\",\"itemListElement\":[{\"@type\":\"ListItem\",\"position\":1,\"name\":\"Home\",\"item\":\"https:\/\/abbigliamentocertificato.com\/en\/\"},{\"@type\":\"ListItem\",\"position\":2,\"name\":\"Prodotti\",\"item\":\"https:\/\/abbigliamentocertificato.com\/prodotti\/\"},{\"@type\":\"ListItem\",\"position\":3,\"name\":\"High-visibility multi-norm trousers\"}]},{\"@type\":\"WebSite\",\"@id\":\"https:\/\/abbigliamentocertificato.com\/en\/#website\",\"url\":\"https:\/\/abbigliamentocertificato.com\/en\/\",\"name\":\"abbigliamentocertificato.com\",\"description\":\"Under Construction\",\"publisher\":{\"@id\":\"https:\/\/abbigliamentocertificato.com\/en\/#organization\"},\"potentialAction\":[{\"@type\":\"SearchAction\",\"target\":{\"@type\":\"EntryPoint\",\"urlTemplate\":\"https:\/\/abbigliamentocertificato.com\/en\/?s={search_term_string}\"},\"query-input\":{\"@type\":\"PropertyValueSpecification\",\"valueRequired\":true,\"valueName\":\"search_term_string\"}}],\"inLanguage\":\"en-US\"},{\"@type\":\"Organization\",\"@id\":\"https:\/\/abbigliamentocertificato.com\/en\/#organization\",\"name\":\"abbigliamentocertificato.com\",\"url\":\"https:\/\/abbigliamentocertificato.com\/en\/\",\"logo\":{\"@type\":\"ImageObject\",\"inLanguage\":\"en-US\",\"@id\":\"https:\/\/abbigliamentocertificato.com\/en\/#\/schema\/logo\/image\/\",\"url\":\"https:\/\/abbigliamentocertificato.com\/wp-content\/uploads\/LogoAbbigliamentoCertificato-2-e1648482177982.png\",\"contentUrl\":\"https:\/\/abbigliamentocertificato.com\/wp-content\/uploads\/LogoAbbigliamentoCertificato-2-e1648482177982.png\",\"width\":1000,\"height\":308,\"caption\":\"abbigliamentocertificato.com\"},\"image\":{\"@id\":\"https:\/\/abbigliamentocertificato.com\/en\/#\/schema\/logo\/image\/\"}}]}<\/script>\n<!-- \/ Yoast SEO plugin. -->","yoast_head_json":{"title":"Pantaloni donna Multinorma ad Alta visibilit\u00e0 | Scopri il Modello","description":"Scopri la qualit\u00e0 dei pantaloni multinorma certificati e disponibili nell'ampia selezione Bolzonella Protective. Desideri pi\u00f9 informazioni? Contatta il nostro team!","robots":{"index":"index","follow":"follow","max-snippet":"max-snippet:-1","max-image-preview":"max-image-preview:large","max-video-preview":"max-video-preview:-1"},"canonical":"https:\/\/abbigliamentocertificato.com\/en\/prodotto\/tr582881\/","og_locale":"en_US","og_type":"article","og_title":"Pantaloni donna Multinorma ad Alta visibilit\u00e0 | Scopri il Modello","og_description":"Scopri la qualit\u00e0 dei pantaloni multinorma certificati e disponibili nell'ampia selezione Bolzonella Protective. Desideri pi\u00f9 informazioni? Contatta il nostro team!","og_url":"https:\/\/abbigliamentocertificato.com\/en\/prodotto\/tr582881\/","og_site_name":"abbigliamentocertificato.com","article_modified_time":"2026-05-10T15:40:25+00:00","og_image":[{"width":2067,"height":2362,"url":"https:\/\/abbigliamentocertificato.com\/wp-content\/uploads\/TR582781.jpg","type":"image\/jpeg"}],"twitter_card":"summary_large_image","schema":{"@context":"https:\/\/schema.org","@graph":[{"@type":"WebPage","@id":"https:\/\/abbigliamentocertificato.com\/en\/prodotto\/tr582881\/","url":"https:\/\/abbigliamentocertificato.com\/en\/prodotto\/tr582881\/","name":"Pantaloni donna Multinorma ad Alta visibilit\u00e0 | Scopri il Modello","isPartOf":{"@id":"https:\/\/abbigliamentocertificato.com\/en\/#website"},"primaryImageOfPage":{"@id":"https:\/\/abbigliamentocertificato.com\/en\/prodotto\/tr582881\/#primaryimage"},"image":{"@id":"https:\/\/abbigliamentocertificato.com\/en\/prodotto\/tr582881\/#primaryimage"},"thumbnailUrl":"https:\/\/abbigliamentocertificato.com\/wp-content\/uploads\/TR582881-1-3.jpg","datePublished":"2022-05-25T12:38:13+00:00","dateModified":"2026-05-10T15:40:25+00:00","description":"Scopri la qualit\u00e0 dei pantaloni multinorma certificati e disponibili nell'ampia selezione Bolzonella Protective. Desideri pi\u00f9 informazioni? Contatta il nostro team!","breadcrumb":{"@id":"https:\/\/abbigliamentocertificato.com\/en\/prodotto\/tr582881\/#breadcrumb"},"inLanguage":"en-US","potentialAction":[{"@type":"ReadAction","target":["https:\/\/abbigliamentocertificato.com\/en\/prodotto\/tr582881\/"]}]},{"@type":"ImageObject","inLanguage":"en-US","@id":"https:\/\/abbigliamentocertificato.com\/en\/prodotto\/tr582881\/#primaryimage","url":"https:\/\/abbigliamentocertificato.com\/wp-content\/uploads\/TR582881-1-3.jpg","contentUrl":"https:\/\/abbigliamentocertificato.com\/wp-content\/uploads\/TR582881-1-3.jpg","width":2067,"height":2362},{"@type":"BreadcrumbList","@id":"https:\/\/abbigliamentocertificato.com\/en\/prodotto\/tr582881\/#breadcrumb","itemListElement":[{"@type":"ListItem","position":1,"name":"Home","item":"https:\/\/abbigliamentocertificato.com\/en\/"},{"@type":"ListItem","position":2,"name":"Prodotti","item":"https:\/\/abbigliamentocertificato.com\/prodotti\/"},{"@type":"ListItem","position":3,"name":"High-visibility multi-norm trousers"}]},{"@type":"WebSite","@id":"https:\/\/abbigliamentocertificato.com\/en\/#website","url":"https:\/\/abbigliamentocertificato.com\/en\/","name":"abbigliamentocertificato.com","description":"Under Construction","publisher":{"@id":"https:\/\/abbigliamentocertificato.com\/en\/#organization"},"potentialAction":[{"@type":"SearchAction","target":{"@type":"EntryPoint","urlTemplate":"https:\/\/abbigliamentocertificato.com\/en\/?s={search_term_string}"},"query-input":{"@type":"PropertyValueSpecification","valueRequired":true,"valueName":"search_term_string"}}],"inLanguage":"en-US"},{"@type":"Organization","@id":"https:\/\/abbigliamentocertificato.com\/en\/#organization","name":"abbigliamentocertificato.com","url":"https:\/\/abbigliamentocertificato.com\/en\/","logo":{"@type":"ImageObject","inLanguage":"en-US","@id":"https:\/\/abbigliamentocertificato.com\/en\/#\/schema\/logo\/image\/","url":"https:\/\/abbigliamentocertificato.com\/wp-content\/uploads\/LogoAbbigliamentoCertificato-2-e1648482177982.png","contentUrl":"https:\/\/abbigliamentocertificato.com\/wp-content\/uploads\/LogoAbbigliamentoCertificato-2-e1648482177982.png","width":1000,"height":308,"caption":"abbigliamentocertificato.com"},"image":{"@id":"https:\/\/abbigliamentocertificato.com\/en\/#\/schema\/logo\/image\/"}}]}},"_links":{"self":[{"href":"https:\/\/abbigliamentocertificato.com\/en\/wp-json\/wp\/v2\/product\/21808","targetHints":{"allow":["GET"]}}],"collection":[{"href":"https:\/\/abbigliamentocertificato.com\/en\/wp-json\/wp\/v2\/product"}],"about":[{"href":"https:\/\/abbigliamentocertificato.com\/en\/wp-json\/wp\/v2\/types\/product"}],"wp:featuredmedia":[{"embeddable":true,"href":"https:\/\/abbigliamentocertificato.com\/en\/wp-json\/wp\/v2\/media\/26224"}],"wp:attachment":[{"href":"https:\/\/abbigliamentocertificato.com\/en\/wp-json\/wp\/v2\/media?parent=21808"}],"wp:term":[{"taxonomy":"product_brand","embeddable":true,"href":"https:\/\/abbigliamentocertificato.com\/en\/wp-json\/wp\/v2\/product_brand?post=21808"},{"taxonomy":"product_cat","embeddable":true,"href":"https:\/\/abbigliamentocertificato.com\/en\/wp-json\/wp\/v2\/product_cat?post=21808"},{"taxonomy":"product_tag","embeddable":true,"href":"https:\/\/abbigliamentocertificato.com\/en\/wp-json\/wp\/v2\/product_tag?post=21808"}],"curies":[{"name":"wp","href":"https:\/\/api.w.org\/{rel}","templated":true}]}}